{"id":53,"date":"2024-04-16T12:39:56","date_gmt":"2024-04-16T12:39:56","guid":{"rendered":"https:\/\/digitalproducts.hirvojafarm.com\/?post_type=product&#038;p=53"},"modified":"2024-04-22T17:44:42","modified_gmt":"2024-04-22T17:44:42","slug":"e-raamat-100-traditsioonilist-perenaise-tarkust","status":"publish","type":"product","link":"http:\/\/digitalproducts.hirvojafarm.com\/et\/toode\/e-raamat-100-traditsioonilist-perenaise-tarkust\/","title":{"rendered":"E-raamat \u201c100+ traditsioonilist tarkust igap\u00e4evat\u00f6\u00f6deks\u201d"},"content":{"rendered":"<p>Kas oled vahel helistanud emale v\u00f5i vanaemale ja k\u00fcsinud \"kuidas seda plekki puhtaks saada?\" v\u00f5i \"mida ma n\u00fc\u00fcd k\u00fcll tegema peaksin?\"? Mina olen! Ja kohe palju kordi. Sellep\u00e4rast otsustasingi kokku koondada t\u00fc\u00fcpilisemad ja enim kasutuses olevad vanarahva tarkused, et mul ja teistel pereemadel oleks lihtsam kodut\u00f6id teha. E-raamat \"100+ traditsioonilist perenaise tarkust igap\u00e4evasteks kodusteks t\u00f6\u00f6deks\" on ideaalne v\u00f5imalus viia end kurssi, kuidas meie esivanemad on igap\u00e4evaselt teinud neid samu koduseid \u00fclesandeid nagu meiegi, kuid omade kavalate nippidega. Raamatusse kogutud n\u00f5uanded on meie majapidamises kasutuses igap\u00e4evaselt.<\/p>","protected":false},"excerpt":{"rendered":"<p>Vanavanemate abistavad n\u00f5uanded igap\u00e4evasteks kodusteks toimetusteks.<\/p>","protected":false},"featured_media":131,"template":"","meta":{"site-sidebar-layout":"default","site-content-layout":"","ast-site-content-layout":"default","site-content-style":"default","site-sidebar-style":"default","ast-global-header-display":"","ast-banner-title-visibility":"","ast-main-header-display":"","ast-hfb-above-header-display":"","ast-hfb-below-header-display":"","ast-hfb-mobile-header-display":"","site-post-title":"","ast-breadcrumbs-content":"","ast-featured-img":"","footer-sml-layout":"","theme-transparent-header-meta":"default","adv-header-id-meta":"","stick-header-meta":"","header-above-stick-meta":"","header-main-stick-meta":"","header-below-stick-meta":"","astra-migrate-meta-layouts":"set","ast-page-background-enabled":"default","ast-page-background-meta":{"desktop":{"background-color":"var(--ast-global-color-4)","background-image":"","background-repeat":"repeat","background-position":"center center","background-size":"auto","background-attachment":"scroll","background-type":"","background-media":"","overlay-type":"","overlay-color":"","overlay-opacity":"","overlay-gradient":""},"tablet":{"background-color":"","background-image":"","background-repeat":"repeat","background-position":"center center","background-size":"auto","background-attachment":"scroll","background-type":"","background-media":"","overlay-type":"","overlay-color":"","overlay-opacity":"","overlay-gradient":""},"mobile":{"background-color":"","background-image":"","background-repeat":"repeat","background-position":"center center","background-size":"auto","background-attachment":"scroll","background-type":"","background-media":"","overlay-type":"","overlay-color":"","overlay-opacity":"","overlay-gradient":""}},"ast-content-background-meta":{"desktop":{"background-color":"var(--ast-global-color-5)","background-image":"","background-repeat":"repeat","background-position":"center center","background-size":"auto","background-attachment":"scroll","background-type":"","background-media":"","overlay-type":"","overlay-color":"","overlay-opacity":"","overlay-gradient":""},"tablet":{"background-color":"var(--ast-global-color-5)","background-image":"","background-repeat":"repeat","background-position":"center center","background-size":"auto","background-attachment":"scroll","background-type":"","background-media":"","overlay-type":"","overlay-color":"","overlay-opacity":"","overlay-gradient":""},"mobile":{"background-color":"var(--ast-global-color-5)","background-image":"","background-repeat":"repeat","background-position":"center center","background-size":"auto","background-attachment":"scroll","background-type":"","background-media":"","overlay-type":"","overlay-color":"","overlay-opacity":"","overlay-gradient":""}}},"product_brand":[],"product_cat":[23],"product_tag":[],"class_list":{"0":"post-53","1":"product","2":"type-product","3":"status-publish","4":"has-post-thumbnail","6":"product_cat-ebooks","7":"desktop-align-left","8":"tablet-align-left","9":"mobile-align-left","11":"first","12":"instock","13":"downloadable","14":"shipping-taxable","15":"purchasable","16":"product-type-simple"},"yoast_head":"<!-- This site is optimized with the Yoast SEO plugin v25.1 - https:\/\/yoast.com\/wordpress\/plugins\/seo\/ -->\n<title>Ebook &quot;100+ traditsioonilist tarkust igap\u00e4evat\u00f6\u00f6deks&quot; - Hirvoja Farm Store<\/title>\n<meta name=\"description\" content=\"I decided to gather together the most common and useful traditional wisdom to make household chores easier for myself and other homemakers.\" \/>\n<meta name=\"robots\" content=\"index, follow, max-snippet:-1, max-image-preview:large, max-video-preview:-1\" \/>\n<link rel=\"canonical\" href=\"http:\/\/digitalproducts.hirvojafarm.com\/et\/toode\/e-raamat-100-traditsioonilist-perenaise-tarkust\/\" \/>\n<meta property=\"og:locale\" content=\"et_EE\" \/>\n<meta property=\"og:type\" content=\"article\" \/>\n<meta property=\"og:title\" content=\"Ebook &quot;100+ traditsioonilist tarkust igap\u00e4evat\u00f6\u00f6deks&quot; - Hirvoja Farm Store\" \/>\n<meta property=\"og:description\" content=\"I decided to gather together the most common and useful traditional wisdom to make household chores easier for myself and other homemakers.\" \/>\n<meta property=\"og:url\" content=\"http:\/\/digitalproducts.hirvojafarm.com\/et\/toode\/e-raamat-100-traditsioonilist-perenaise-tarkust\/\" \/>\n<meta property=\"og:site_name\" content=\"Hirvoja Farm Store\" \/>\n<meta property=\"article:modified_time\" content=\"2024-04-22T17:44:42+00:00\" \/>\n<meta property=\"og:image\" content=\"http:\/\/digitalproducts.hirvojafarm.com\/wp-content\/uploads\/2024\/04\/perenaise-tarkused.png\" \/>\n\t<meta property=\"og:image:width\" content=\"1024\" \/>\n\t<meta property=\"og:image:height\" content=\"1600\" \/>\n\t<meta property=\"og:image:type\" content=\"image\/png\" \/>\n<meta name=\"twitter:card\" content=\"summary_large_image\" \/>\n<meta name=\"twitter:label1\" content=\"Est. reading time\" \/>\n\t<meta name=\"twitter:data1\" content=\"1 minut\" \/>\n<script type=\"application\/ld+json\" class=\"yoast-schema-graph\">{\"@context\":\"https:\/\/schema.org\",\"@graph\":[{\"@type\":\"WebPage\",\"@id\":\"http:\/\/digitalproducts.hirvojafarm.com\/et\/toode\/e-raamat-100-traditsioonilist-perenaise-tarkust\/\",\"url\":\"http:\/\/digitalproducts.hirvojafarm.com\/et\/toode\/e-raamat-100-traditsioonilist-perenaise-tarkust\/\",\"name\":\"Ebook \\\"100+ traditsioonilist tarkust igap\u00e4evat\u00f6\u00f6deks\\\" - Hirvoja Farm Store\",\"isPartOf\":{\"@id\":\"http:\/\/digitalproducts.hirvojafarm.com\/et\/#website\"},\"primaryImageOfPage\":{\"@id\":\"http:\/\/digitalproducts.hirvojafarm.com\/et\/toode\/e-raamat-100-traditsioonilist-perenaise-tarkust\/#primaryimage\"},\"image\":{\"@id\":\"http:\/\/digitalproducts.hirvojafarm.com\/et\/toode\/e-raamat-100-traditsioonilist-perenaise-tarkust\/#primaryimage\"},\"thumbnailUrl\":\"http:\/\/digitalproducts.hirvojafarm.com\/wp-content\/uploads\/2024\/04\/perenaise-tarkused.png\",\"datePublished\":\"2024-04-16T12:39:56+00:00\",\"dateModified\":\"2024-04-22T17:44:42+00:00\",\"description\":\"I decided to gather together the most common and useful traditional wisdom to make household chores easier for myself and other homemakers.\",\"breadcrumb\":{\"@id\":\"http:\/\/digitalproducts.hirvojafarm.com\/et\/toode\/e-raamat-100-traditsioonilist-perenaise-tarkust\/#breadcrumb\"},\"inLanguage\":\"et\",\"potentialAction\":[{\"@type\":\"ReadAction\",\"target\":[\"http:\/\/digitalproducts.hirvojafarm.com\/et\/toode\/e-raamat-100-traditsioonilist-perenaise-tarkust\/\"]}]},{\"@type\":\"ImageObject\",\"inLanguage\":\"et\",\"@id\":\"http:\/\/digitalproducts.hirvojafarm.com\/et\/toode\/e-raamat-100-traditsioonilist-perenaise-tarkust\/#primaryimage\",\"url\":\"http:\/\/digitalproducts.hirvojafarm.com\/wp-content\/uploads\/2024\/04\/perenaise-tarkused.png\",\"contentUrl\":\"http:\/\/digitalproducts.hirvojafarm.com\/wp-content\/uploads\/2024\/04\/perenaise-tarkused.png\",\"width\":1024,\"height\":1600},{\"@type\":\"BreadcrumbList\",\"@id\":\"http:\/\/digitalproducts.hirvojafarm.com\/et\/toode\/e-raamat-100-traditsioonilist-perenaise-tarkust\/#breadcrumb\",\"itemListElement\":[{\"@type\":\"ListItem\",\"position\":1,\"name\":\"Home\",\"item\":\"http:\/\/digitalproducts.hirvojafarm.com\/et\/\"},{\"@type\":\"ListItem\",\"position\":2,\"name\":\"Shop\",\"item\":\"http:\/\/digitalproducts.hirvojafarm.com\/et\/\"},{\"@type\":\"ListItem\",\"position\":3,\"name\":\"Ebook &#8220;100+ traditsioonilist tarkust igap\u00e4evat\u00f6\u00f6deks&#8221;\"}]},{\"@type\":\"WebSite\",\"@id\":\"http:\/\/digitalproducts.hirvojafarm.com\/et\/#website\",\"url\":\"http:\/\/digitalproducts.hirvojafarm.com\/et\/\",\"name\":\"Hirvoja Farm Store\",\"description\":\"\",\"publisher\":{\"@id\":\"http:\/\/digitalproducts.hirvojafarm.com\/et\/#organization\"},\"potentialAction\":[{\"@type\":\"SearchAction\",\"target\":{\"@type\":\"EntryPoint\",\"urlTemplate\":\"http:\/\/digitalproducts.hirvojafarm.com\/et\/?s={search_term_string}\"},\"query-input\":{\"@type\":\"PropertyValueSpecification\",\"valueRequired\":true,\"valueName\":\"search_term_string\"}}],\"inLanguage\":\"et\"},{\"@type\":\"Organization\",\"@id\":\"http:\/\/digitalproducts.hirvojafarm.com\/et\/#organization\",\"name\":\"Hirvoja Farm Store\",\"url\":\"http:\/\/digitalproducts.hirvojafarm.com\/et\/\",\"logo\":{\"@type\":\"ImageObject\",\"inLanguage\":\"et\",\"@id\":\"http:\/\/digitalproducts.hirvojafarm.com\/et\/#\/schema\/logo\/image\/\",\"url\":\"http:\/\/digitalproducts.hirvojafarm.com\/wp-content\/uploads\/2024\/04\/Hirvoja-Farm-Store-2.svg\",\"contentUrl\":\"http:\/\/digitalproducts.hirvojafarm.com\/wp-content\/uploads\/2024\/04\/Hirvoja-Farm-Store-2.svg\",\"width\":200,\"height\":50,\"caption\":\"Hirvoja Farm Store\"},\"image\":{\"@id\":\"http:\/\/digitalproducts.hirvojafarm.com\/et\/#\/schema\/logo\/image\/\"}}]}<\/script>\n<!-- \/ Yoast SEO plugin. -->","yoast_head_json":{"title":"Ebook \"100+ traditsioonilist tarkust igap\u00e4evat\u00f6\u00f6deks\" - Hirvoja Farm Store","description":"I decided to gather together the most common and useful traditional wisdom to make household chores easier for myself and other homemakers.","robots":{"index":"index","follow":"follow","max-snippet":"max-snippet:-1","max-image-preview":"max-image-preview:large","max-video-preview":"max-video-preview:-1"},"canonical":"http:\/\/digitalproducts.hirvojafarm.com\/et\/toode\/e-raamat-100-traditsioonilist-perenaise-tarkust\/","og_locale":"et_EE","og_type":"article","og_title":"Ebook \"100+ traditsioonilist tarkust igap\u00e4evat\u00f6\u00f6deks\" - Hirvoja Farm Store","og_description":"I decided to gather together the most common and useful traditional wisdom to make household chores easier for myself and other homemakers.","og_url":"http:\/\/digitalproducts.hirvojafarm.com\/et\/toode\/e-raamat-100-traditsioonilist-perenaise-tarkust\/","og_site_name":"Hirvoja Farm Store","article_modified_time":"2024-04-22T17:44:42+00:00","og_image":[{"width":1024,"height":1600,"url":"http:\/\/digitalproducts.hirvojafarm.com\/wp-content\/uploads\/2024\/04\/perenaise-tarkused.png","type":"image\/png"}],"twitter_card":"summary_large_image","twitter_misc":{"Est. reading time":"1 minut"},"schema":{"@context":"https:\/\/schema.org","@graph":[{"@type":"WebPage","@id":"http:\/\/digitalproducts.hirvojafarm.com\/et\/toode\/e-raamat-100-traditsioonilist-perenaise-tarkust\/","url":"http:\/\/digitalproducts.hirvojafarm.com\/et\/toode\/e-raamat-100-traditsioonilist-perenaise-tarkust\/","name":"Ebook \"100+ traditsioonilist tarkust igap\u00e4evat\u00f6\u00f6deks\" - Hirvoja Farm Store","isPartOf":{"@id":"http:\/\/digitalproducts.hirvojafarm.com\/et\/#website"},"primaryImageOfPage":{"@id":"http:\/\/digitalproducts.hirvojafarm.com\/et\/toode\/e-raamat-100-traditsioonilist-perenaise-tarkust\/#primaryimage"},"image":{"@id":"http:\/\/digitalproducts.hirvojafarm.com\/et\/toode\/e-raamat-100-traditsioonilist-perenaise-tarkust\/#primaryimage"},"thumbnailUrl":"http:\/\/digitalproducts.hirvojafarm.com\/wp-content\/uploads\/2024\/04\/perenaise-tarkused.png","datePublished":"2024-04-16T12:39:56+00:00","dateModified":"2024-04-22T17:44:42+00:00","description":"I decided to gather together the most common and useful traditional wisdom to make household chores easier for myself and other homemakers.","breadcrumb":{"@id":"http:\/\/digitalproducts.hirvojafarm.com\/et\/toode\/e-raamat-100-traditsioonilist-perenaise-tarkust\/#breadcrumb"},"inLanguage":"et","potentialAction":[{"@type":"ReadAction","target":["http:\/\/digitalproducts.hirvojafarm.com\/et\/toode\/e-raamat-100-traditsioonilist-perenaise-tarkust\/"]}]},{"@type":"ImageObject","inLanguage":"et","@id":"http:\/\/digitalproducts.hirvojafarm.com\/et\/toode\/e-raamat-100-traditsioonilist-perenaise-tarkust\/#primaryimage","url":"http:\/\/digitalproducts.hirvojafarm.com\/wp-content\/uploads\/2024\/04\/perenaise-tarkused.png","contentUrl":"http:\/\/digitalproducts.hirvojafarm.com\/wp-content\/uploads\/2024\/04\/perenaise-tarkused.png","width":1024,"height":1600},{"@type":"BreadcrumbList","@id":"http:\/\/digitalproducts.hirvojafarm.com\/et\/toode\/e-raamat-100-traditsioonilist-perenaise-tarkust\/#breadcrumb","itemListElement":[{"@type":"ListItem","position":1,"name":"Home","item":"http:\/\/digitalproducts.hirvojafarm.com\/et\/"},{"@type":"ListItem","position":2,"name":"Shop","item":"http:\/\/digitalproducts.hirvojafarm.com\/et\/"},{"@type":"ListItem","position":3,"name":"Ebook &#8220;100+ traditsioonilist tarkust igap\u00e4evat\u00f6\u00f6deks&#8221;"}]},{"@type":"WebSite","@id":"http:\/\/digitalproducts.hirvojafarm.com\/et\/#website","url":"http:\/\/digitalproducts.hirvojafarm.com\/et\/","name":"Hirvoja Farm Store","description":"","publisher":{"@id":"http:\/\/digitalproducts.hirvojafarm.com\/et\/#organization"},"potentialAction":[{"@type":"SearchAction","target":{"@type":"EntryPoint","urlTemplate":"http:\/\/digitalproducts.hirvojafarm.com\/et\/?s={search_term_string}"},"query-input":{"@type":"PropertyValueSpecification","valueRequired":true,"valueName":"search_term_string"}}],"inLanguage":"et"},{"@type":"Organization","@id":"http:\/\/digitalproducts.hirvojafarm.com\/et\/#organization","name":"Hirvoja Farm Store","url":"http:\/\/digitalproducts.hirvojafarm.com\/et\/","logo":{"@type":"ImageObject","inLanguage":"et","@id":"http:\/\/digitalproducts.hirvojafarm.com\/et\/#\/schema\/logo\/image\/","url":"http:\/\/digitalproducts.hirvojafarm.com\/wp-content\/uploads\/2024\/04\/Hirvoja-Farm-Store-2.svg","contentUrl":"http:\/\/digitalproducts.hirvojafarm.com\/wp-content\/uploads\/2024\/04\/Hirvoja-Farm-Store-2.svg","width":200,"height":50,"caption":"Hirvoja Farm Store"},"image":{"@id":"http:\/\/digitalproducts.hirvojafarm.com\/et\/#\/schema\/logo\/image\/"}}]}},"_links":{"self":[{"href":"http:\/\/digitalproducts.hirvojafarm.com\/et\/wp-json\/wp\/v2\/product\/53","targetHints":{"allow":["GET"]}}],"collection":[{"href":"http:\/\/digitalproducts.hirvojafarm.com\/et\/wp-json\/wp\/v2\/product"}],"about":[{"href":"http:\/\/digitalproducts.hirvojafarm.com\/et\/wp-json\/wp\/v2\/types\/product"}],"wp:featuredmedia":[{"embeddable":true,"href":"http:\/\/digitalproducts.hirvojafarm.com\/et\/wp-json\/wp\/v2\/media\/131"}],"wp:attachment":[{"href":"http:\/\/digitalproducts.hirvojafarm.com\/et\/wp-json\/wp\/v2\/media?parent=53"}],"wp:term":[{"taxonomy":"product_brand","embeddable":true,"href":"http:\/\/digitalproducts.hirvojafarm.com\/et\/wp-json\/wp\/v2\/product_brand?post=53"},{"taxonomy":"product_cat","embeddable":true,"href":"http:\/\/digitalproducts.hirvojafarm.com\/et\/wp-json\/wp\/v2\/product_cat?post=53"},{"taxonomy":"product_tag","embeddable":true,"href":"http:\/\/digitalproducts.hirvojafarm.com\/et\/wp-json\/wp\/v2\/product_tag?post=53"}],"curies":[{"name":"wp","href":"https:\/\/api.w.org\/{rel}","templated":true}]}}